{"id":2,"date":"2025-01-13T19:54:30","date_gmt":"2025-01-13T18:54:30","guid":{"rendered":"http:\/\/christelleaide.com\/?page_id=2"},"modified":"2025-01-13T22:12:25","modified_gmt":"2025-01-13T21:12:25","slug":"page-d-exemple","status":"publish","type":"page","link":"https:\/\/christelleaide.com\/index.php\/page-d-exemple\/","title":{"rendered":"Bonjour ! \u2728"},"content":{"rendered":"\n<p class=\"has-primary-color has-text-color has-link-color wp-elements-99679089d4f38157678af5caf7e75c33\">Bienvenue sur mon site ! <\/p>\n\n\n\n<p class=\"has-primary-color has-text-color has-link-color wp-elements-bceacbec098cee54e6f57c993f757133\">Je suis heureuse de vous accueillir et de vous partager mon monde et surtout ma vision.<\/p>\n\n\n\n<blockquote class=\"wp-block-quote is-layout-flow wp-block-quote-is-layout-flow\">\n<p class=\"has-primary-color has-text-color has-link-color wp-elements-f72008c5d685a0bc2185c56d77d19642\">Je souhaite apporter \u00e0 toutes les femmes qui veulent devenir entrepreneures\/ cheffes d&#8217;entreprises\/ ind\u00e9pendantes quelque soit le nom que vous souhaitez vous donner, je m&#8217;adresse a toutes celles qui r\u00eavent de vivre de leur activit\u00e9 et savoir la g\u00e9rer en connaitre tous les tenants et les aboutissants et r\u00e9ussir \u00e0 g\u00e9rer ou \u00e0 d\u00e9l\u00e9guer tout en gardant la main et la vision a court, moyen ou long terme.<\/p>\n<\/blockquote>\n\n\n\n<p class=\"has-primary-color has-text-color has-link-color wp-elements-f391ba7ba291499adc51a890001a5203\">Ce site est en construction donc dans les jours a venir vous allez le voir grandir afin de vous permettre de mieux comprendre ma mission et ce que je souhaite vous apporter dans votre quotidien.<\/p>\n\n\n\n<p class=\"has-primary-color has-text-color has-link-color wp-elements-4dc5d7e77f3702b6306927244dcd011a\">A tout de suite &#8230;.<\/p>\n\n\n\n<p class=\"has-primary-color has-text-color has-link-color wp-elements-e3104d2df31786c09e7dd6e0b2689b3e\">Christelle \ud83c\udf3a<\/p>\n","protected":false},"excerpt":{"rendered":"<p>Bienvenue sur mon site ! Je suis heureuse de vous accueillir et de vous partager mon monde et surtout ma vision. Je souhaite apporter \u00e0 toutes les femmes qui veulent devenir entrepreneures\/ cheffes d&#8217;entreprises\/ ind\u00e9pendantes quelque soit le nom que vous souhaitez vous donner, je m&#8217;adresse a toutes celles qui r\u00eavent de vivre de leur [&hellip;]<\/p>\n","protected":false},"author":1,"featured_media":6,"parent":0,"menu_order":1,"comment_status":"closed","ping_status":"open","template":"","meta":{"ocean_post_layout":"","ocean_both_sidebars_style":"","ocean_both_sidebars_content_width":0,"ocean_both_sidebars_sidebars_width":0,"ocean_sidebar":"","ocean_second_sidebar":"","ocean_disable_margins":"enable","ocean_add_body_class":"","ocean_shortcode_before_top_bar":"","ocean_shortcode_after_top_bar":"","ocean_shortcode_before_header":"","ocean_shortcode_after_header":"","ocean_has_shortcode":"","ocean_shortcode_after_title":"","ocean_shortcode_before_footer_widgets":"","ocean_shortcode_after_footer_widgets":"","ocean_shortcode_before_footer_bottom":"","ocean_shortcode_after_footer_bottom":"","ocean_display_top_bar":"default","ocean_display_header":"default","ocean_header_style":"","ocean_center_header_left_menu":"","ocean_custom_header_template":"","ocean_custom_logo":0,"ocean_custom_retina_logo":0,"ocean_custom_logo_max_width":0,"ocean_custom_logo_tablet_max_width":0,"ocean_custom_logo_mobile_max_width":0,"ocean_custom_logo_max_height":0,"ocean_custom_logo_tablet_max_height":0,"ocean_custom_logo_mobile_max_height":0,"ocean_header_custom_menu":"","ocean_menu_typo_font_family":"","ocean_menu_typo_font_subset":"","ocean_menu_typo_font_size":0,"ocean_menu_typo_font_size_tablet":0,"ocean_menu_typo_font_size_mobile":0,"ocean_menu_typo_font_size_unit":"px","ocean_menu_typo_font_weight":"","ocean_menu_typo_font_weight_tablet":"","ocean_menu_typo_font_weight_mobile":"","ocean_menu_typo_transform":"","ocean_menu_typo_transform_tablet":"","ocean_menu_typo_transform_mobile":"","ocean_menu_typo_line_height":0,"ocean_menu_typo_line_height_tablet":0,"ocean_menu_typo_line_height_mobile":0,"ocean_menu_typo_line_height_unit":"","ocean_menu_typo_spacing":0,"ocean_menu_typo_spacing_tablet":0,"ocean_menu_typo_spacing_mobile":0,"ocean_menu_typo_spacing_unit":"","ocean_menu_link_color":"","ocean_menu_link_color_hover":"","ocean_menu_link_color_active":"","ocean_menu_link_background":"","ocean_menu_link_hover_background":"","ocean_menu_link_active_background":"","ocean_menu_social_links_bg":"","ocean_menu_social_hover_links_bg":"","ocean_menu_social_links_color":"","ocean_menu_social_hover_links_color":"","ocean_disable_title":"default","ocean_disable_heading":"default","ocean_post_title":"","ocean_post_subheading":"","ocean_post_title_style":"","ocean_post_title_background_color":"","ocean_post_title_background":0,"ocean_post_title_bg_image_position":"","ocean_post_title_bg_image_attachment":"","ocean_post_title_bg_image_repeat":"","ocean_post_title_bg_image_size":"","ocean_post_title_height":0,"ocean_post_title_bg_overlay":0.5,"ocean_post_title_bg_overlay_color":"","ocean_disable_breadcrumbs":"default","ocean_breadcrumbs_color":"","ocean_breadcrumbs_separator_color":"","ocean_breadcrumbs_links_color":"","ocean_breadcrumbs_links_hover_color":"","ocean_display_footer_widgets":"default","ocean_display_footer_bottom":"default","ocean_custom_footer_template":"","footnotes":""},"class_list":["post-2","page","type-page","status-publish","has-post-thumbnail","hentry","entry","has-media"],"_links":{"self":[{"href":"https:\/\/christelleaide.com\/index.php\/wp-json\/wp\/v2\/pages\/2","targetHints":{"allow":["GET"]}}],"collection":[{"href":"https:\/\/christelleaide.com\/index.php\/wp-json\/wp\/v2\/pages"}],"about":[{"href":"https:\/\/christelleaide.com\/index.php\/wp-json\/wp\/v2\/types\/page"}],"author":[{"embeddable":true,"href":"https:\/\/christelleaide.com\/index.php\/wp-json\/wp\/v2\/users\/1"}],"replies":[{"embeddable":true,"href":"https:\/\/christelleaide.com\/index.php\/wp-json\/wp\/v2\/comments?post=2"}],"version-history":[{"count":1,"href":"https:\/\/christelleaide.com\/index.php\/wp-json\/wp\/v2\/pages\/2\/revisions"}],"predecessor-version":[{"id":11,"href":"https:\/\/christelleaide.com\/index.php\/wp-json\/wp\/v2\/pages\/2\/revisions\/11"}],"wp:featuredmedia":[{"embeddable":true,"href":"https:\/\/christelleaide.com\/index.php\/wp-json\/wp\/v2\/media\/6"}],"wp:attachment":[{"href":"https:\/\/christelleaide.com\/index.php\/wp-json\/wp\/v2\/media?parent=2"}],"curies":[{"name":"wp","href":"https:\/\/api.w.org\/{rel}","templated":true}]}}