{"id":828,"date":"2025-01-14T23:15:54","date_gmt":"2025-01-14T22:15:54","guid":{"rendered":"https:\/\/christelleaide.com\/?page_id=828"},"modified":"2025-01-15T22:57:36","modified_gmt":"2025-01-15T21:57:36","slug":"presentation-2","status":"publish","type":"page","link":"https:\/\/christelleaide.com\/index.php\/presentation-2\/","title":{"rendered":"Pr\u00e9sentation"},"content":{"rendered":"\n<h2 class=\"wp-block-heading has-black-color has-text-color has-link-color wp-elements-5c7c5987f52a31de54fb1abb46c38ae0\">Ma mission : vous aider a atteindre votre ind\u00e9pendance <\/h2>\n\n\n\n<blockquote class=\"wp-block-quote is-layout-flow wp-block-quote-is-layout-flow\">\n<p class=\"has-light-green-cyan-color has-text-color has-link-color wp-elements-0221eb4fd2bf02d9419839ca26cb0104\">&#8220;Plus de pratique moins de th\u00e9orie&#8221; une de mes phrases <\/p>\n\n\n\n<h2 class=\"wp-block-heading\">Pourquoi ?<\/h2>\n\n\n\n<p>j&#8217;ai toujours voulu avoir mon entreprise mais je me suis \u00e9galement souvent trouv\u00e9e des excuses par peur de ne pas r\u00e9ussir, de ne pas etre a la hauteur.<\/p>\n\n\n\n<p>Puis j&#8217;ai eu mes enfants et je n&#8217;avais aucune envie de retourner travailler en tant que salarie passer toutes ces heures loin de mes enfants, ne pas les voir grandir, passer la majorit\u00e9 de mon salaire dans les frais : garderie, p\u00e9riscolaire, cantine, centre de loisirs, trajets et sans compte passer tout ce temps a courir.<\/p>\n\n\n\n<h2 class=\"wp-block-heading\">Alors STOOP!<\/h2>\n\n\n\n<p>Apres des histoires amoureuses catastrophiques et des d\u00e9boires financiers sans compter que j&#8217;ai 3 enfants &#8230; presque la fin de mon cong\u00e9 parental au bout de 3 ans (oui c\u00e9libataire et donc j&#8217;avais les droits-pour information maintenant c&#8217;est fini : les parents doivent partager leurs droits) <\/p>\n\n\n\n<p>je decide de cr\u00e9er mon entreprise &#8230; je commence en micro entreprise (pour ton info ! c&#8217;est une entreprise individuelle en r\u00e9gime micro )  d\u00e9cembre 2019. Quelques mois plus tard &#8230;. et oui dans le mille COVID !<\/p>\n\n\n\n<p>mon souhait : aider les particuliers dans l&#8217;administratif et l&#8217;informatique <\/p>\n\n\n\n<p>je m&#8217;ennuyais : donc 2021 creation de la Sasu en creation et gestion entreprise <\/p>\n\n\n\n<p>et la micro devient une EIRL (Non ne cherche pas cette forme juridique n&#8217;existe plus)<\/p>\n\n\n\n<p>Aujourd&#8217;hui, 2025 : les 2 entreprises existent  et se d\u00e9veloppent au flux de mon quotidien de maman solo vivant quotidiennement avec 2 de mes enfants dont l&#8217;un avec des troubles du comportement et la troisi\u00e8me : histoire compliqu\u00e9e <\/p>\n\n\n\n<p>Tous les jours je me bats pour en vivre et g\u00e9rer ma maison, ma famille, ma vie de femme , mes entreprises et cela m&#8217;\u00e9clate car j&#8217;adore trouver des solutions, j&#8217;adore aider et soutenir, \u00e9couter &#8230; apporter des SOLUTIONS dans ton quotidien : vie perso et vie pro, t&#8217;aider a cr\u00e9er ton entreprise en faisant les bons choix, avoir les bonnes solutions informatiques et techniques dans tous les domaines de l&#8217;entrepreneuriat en alliant ta vie de famille et ta vie pro ou alors en t&#8217;aidant a developper car beaucoup de questions restent en suspens ou voire tu ne comprends pas. <\/p>\n<\/blockquote>\n","protected":false},"excerpt":{"rendered":"<p>Ma mission : vous aider a atteindre votre ind\u00e9pendance &#8220;Plus de pratique moins de th\u00e9orie&#8221; une de mes phrases Pourquoi ? j&#8217;ai toujours voulu avoir mon entreprise mais je me suis \u00e9galement souvent trouv\u00e9e des excuses par peur de ne pas r\u00e9ussir, de ne pas etre a la hauteur. Puis j&#8217;ai eu mes enfants et [&hellip;]<\/p>\n","protected":false},"author":1,"featured_media":830,"parent":0,"menu_order":0,"comment_status":"closed","ping_status":"closed","template":"","meta":{"ocean_post_layout":"","ocean_both_sidebars_style":"","ocean_both_sidebars_content_width":0,"ocean_both_sidebars_sidebars_width":0,"ocean_sidebar":"","ocean_second_sidebar":"","ocean_disable_margins":"enable","ocean_add_body_class":"","ocean_shortcode_before_top_bar":"","ocean_shortcode_after_top_bar":"","ocean_shortcode_before_header":"","ocean_shortcode_after_header":"","ocean_has_shortcode":"","ocean_shortcode_after_title":"","ocean_shortcode_before_footer_widgets":"","ocean_shortcode_after_footer_widgets":"","ocean_shortcode_before_footer_bottom":"","ocean_shortcode_after_footer_bottom":"","ocean_display_top_bar":"default","ocean_display_header":"default","ocean_header_style":"","ocean_center_header_left_menu":"","ocean_custom_header_template":"","ocean_custom_logo":0,"ocean_custom_retina_logo":0,"ocean_custom_logo_max_width":0,"ocean_custom_logo_tablet_max_width":0,"ocean_custom_logo_mobile_max_width":0,"ocean_custom_logo_max_height":0,"ocean_custom_logo_tablet_max_height":0,"ocean_custom_logo_mobile_max_height":0,"ocean_header_custom_menu":"","ocean_menu_typo_font_family":"","ocean_menu_typo_font_subset":"","ocean_menu_typo_font_size":0,"ocean_menu_typo_font_size_tablet":0,"ocean_menu_typo_font_size_mobile":0,"ocean_menu_typo_font_size_unit":"px","ocean_menu_typo_font_weight":"","ocean_menu_typo_font_weight_tablet":"","ocean_menu_typo_font_weight_mobile":"","ocean_menu_typo_transform":"","ocean_menu_typo_transform_tablet":"","ocean_menu_typo_transform_mobile":"","ocean_menu_typo_line_height":0,"ocean_menu_typo_line_height_tablet":0,"ocean_menu_typo_line_height_mobile":0,"ocean_menu_typo_line_height_unit":"","ocean_menu_typo_spacing":0,"ocean_menu_typo_spacing_tablet":0,"ocean_menu_typo_spacing_mobile":0,"ocean_menu_typo_spacing_unit":"","ocean_menu_link_color":"","ocean_menu_link_color_hover":"","ocean_menu_link_color_active":"","ocean_menu_link_background":"","ocean_menu_link_hover_background":"","ocean_menu_link_active_background":"","ocean_menu_social_links_bg":"","ocean_menu_social_hover_links_bg":"","ocean_menu_social_links_color":"","ocean_menu_social_hover_links_color":"","ocean_disable_title":"default","ocean_disable_heading":"default","ocean_post_title":"","ocean_post_subheading":"","ocean_post_title_style":"","ocean_post_title_background_color":"","ocean_post_title_background":0,"ocean_post_title_bg_image_position":"","ocean_post_title_bg_image_attachment":"","ocean_post_title_bg_image_repeat":"","ocean_post_title_bg_image_size":"","ocean_post_title_height":0,"ocean_post_title_bg_overlay":0.5,"ocean_post_title_bg_overlay_color":"","ocean_disable_breadcrumbs":"default","ocean_breadcrumbs_color":"","ocean_breadcrumbs_separator_color":"","ocean_breadcrumbs_links_color":"","ocean_breadcrumbs_links_hover_color":"","ocean_display_footer_widgets":"default","ocean_display_footer_bottom":"default","ocean_custom_footer_template":"","footnotes":""},"class_list":["post-828","page","type-page","status-publish","has-post-thumbnail","hentry","entry","has-media"],"_links":{"self":[{"href":"https:\/\/christelleaide.com\/index.php\/wp-json\/wp\/v2\/pages\/828","targetHints":{"allow":["GET"]}}],"collection":[{"href":"https:\/\/christelleaide.com\/index.php\/wp-json\/wp\/v2\/pages"}],"about":[{"href":"https:\/\/christelleaide.com\/index.php\/wp-json\/wp\/v2\/types\/page"}],"author":[{"embeddable":true,"href":"https:\/\/christelleaide.com\/index.php\/wp-json\/wp\/v2\/users\/1"}],"replies":[{"embeddable":true,"href":"https:\/\/christelleaide.com\/index.php\/wp-json\/wp\/v2\/comments?post=828"}],"version-history":[{"count":3,"href":"https:\/\/christelleaide.com\/index.php\/wp-json\/wp\/v2\/pages\/828\/revisions"}],"predecessor-version":[{"id":853,"href":"https:\/\/christelleaide.com\/index.php\/wp-json\/wp\/v2\/pages\/828\/revisions\/853"}],"wp:featuredmedia":[{"embeddable":true,"href":"https:\/\/christelleaide.com\/index.php\/wp-json\/wp\/v2\/media\/830"}],"wp:attachment":[{"href":"https:\/\/christelleaide.com\/index.php\/wp-json\/wp\/v2\/media?parent=828"}],"curies":[{"name":"wp","href":"https:\/\/api.w.org\/{rel}","templated":true}]}}